{"id":19901,"date":"2024-04-22T12:30:11","date_gmt":"2024-04-22T12:30:11","guid":{"rendered":"https:\/\/aimdoll.com\/product\/125cm-lifelike-teen-young-sex-dolls\/"},"modified":"2024-05-17T05:49:59","modified_gmt":"2024-05-17T05:49:59","slug":"125cm-lifelike-teen-young-sex-dolls","status":"publish","type":"product","link":"https:\/\/crestdoll.com\/es\/product\/munecas-sexuales-jovenes-y-adolescentes-realistas-de-125-cm\/","title":{"rendered":"Mu\u00f1ecas sexuales j\u00f3venes y adolescentes realistas de 125 cm"},"content":{"rendered":"<p>Mucha gente compra mu\u00f1ecas sexuales japonesas para adolescentes y j\u00f3venes realistas s\u00f3lo por tener sexo, pero si se mira m\u00e1s de cerca, la mayor\u00eda de estas personas se sienten solas, y tener mu\u00f1ecas sexuales las hace sentir menos solas. Las mu\u00f1ecas sexuales japonesas son como &quot;esposas holandesas&quot;, saben c\u00f3mo cuidar bien a sus hombres y estas mu\u00f1ecas est\u00e1n modeladas en base a esto. Tambi\u00e9n lucen deslumbrantemente hermosos, encantadores y temperamentales. Estas mu\u00f1ecas japonesas reales son como compa\u00f1eras, y puedes pensar que la soledad s\u00f3lo puede erradicarse o aliviarse cuando hay alguien cerca de ti con quien hablar o interactuar. A\u00fan as\u00ed, el hecho de que uno pueda sentirse solo en una habitaci\u00f3n llena de gente es una prueba de que la presencia humana no es necesariamente una forma segura de eliminar la soledad. Por lo tanto, tiene sentido que una mamada real con una mu\u00f1eca sexual pueda ayudar a aliviar la soledad. Consigue una mu\u00f1eca sexual japonesa hoy para mantenerte cuerdo en esta distancia social.<\/p>\n<p>&nbsp;<\/p>\n\t\t<div data-elementor-type=\"section\" data-elementor-id=\"15956\" class=\"elementor elementor-15956\" data-elementor-post-type=\"elementor_library\">\n\t\t\t<div class=\"wd-negative-gap elementor-element elementor-element-e744d45 e-flex e-con-boxed e-con e-parent\" data-id=\"e744d45\" data-element_type=\"container\">\n\t\t\t\t\t<div class=\"e-con-inner\">\n\t\t<div class=\"wd-negative-gap elementor-element elementor-element-2abc4734 e-flex e-con-boxed e-con e-child\" data-id=\"2abc4734\" data-element_type=\"container\">\n\t\t\t\t\t<div class=\"e-con-inner\">\n\t\t<div class=\"wd-negative-gap elementor-element elementor-element-e4e90d0 e-flex e-con-boxed e-con e-child\" data-id=\"e4e90d0\" data-element_type=\"container\">\n\t\t\t\t\t<div class=\"e-con-inner\">\n\t\t\t\t<div class=\"elementor-element elementor-element-2191b1a4 elementor-cta--skin-cover elementor-animated-content elementor-bg-transform elementor-bg-transform-zoom-in elementor-widget elementor-widget-call-to-action\" data-id=\"2191b1a4\" data-element_type=\"widget\" data-widget_type=\"call-to-action.default\">\n\t\t\t\t<div class=\"elementor-widget-container\">\n\t\t\t\t\t<a class=\"elementor-cta\" href=\"https:\/\/crestdoll.com\/es\/fotos-de-munecas-sexuales\/\">\n\t\t\t\t\t<div class=\"elementor-cta__bg-wrapper\">\n\t\t\t\t<div class=\"elementor-cta__bg elementor-bg\" style=\"background-image: url(https:\/\/crestdoll.com\/wp-content\/uploads\/2024\/04\/redirect.jpg);\" role=\"img\" aria-label=\"redirigir\"><\/div>\n\t\t\t\t<div class=\"elementor-cta__bg-overlay\"><\/div>\n\t\t\t<\/div>\n\t\t\t\t\t\t\t<div class=\"elementor-cta__content\">\n\t\t\t\t\n\t\t\t\t\t\t\t\t\t<h2 class=\"elementor-cta__title elementor-cta__content-item elementor-content-item elementor-animated-item--grow\">\n\t\t\t\t\t\tM\u00e1s de 2500 mini mu\u00f1ecas sexuales peque\u00f1as <\/br>sexdollxxx .com\t\t\t\t\t<\/h2>\n\t\t\t\t\n\t\t\t\t\t\t\t\t\t<div class=\"elementor-cta__description elementor-cta__content-item elementor-content-item elementor-animated-item--grow\">\n\t\t\t\t\t\t40cm, 60cm, 80cm, 100cm, 120cm, 140cm\t\t\t\t\t<\/div>\n\t\t\t\t\n\t\t\t\t\t\t\t\t\t<div class=\"elementor-cta__button-wrapper elementor-cta__content-item elementor-content-item elementor-animated-item--grow\">\n\t\t\t\t\t<span class=\"elementor-cta__button elementor-button elementor-size-md\">\n\t\t\t\t\t\tCompra ahora\t\t\t\t\t<\/span>\n\t\t\t\t\t<\/div>\n\t\t\t\t\t\t\t<\/div>\n\t\t\t\t\t\t<\/a>\n\t\t\t\t<\/div>\n\t\t\t\t<\/div>\n\t\t\t\t\t<\/div>\n\t\t\t\t<\/div>\n\t\t\t\t\t<\/div>\n\t\t\t\t<\/div>\n\t\t\t\t\t<\/div>\n\t\t\t\t<\/div>\n\t\t\t\t<\/div>","protected":false},"excerpt":{"rendered":"<div data-elementor-type=\"section\" data-elementor-id=\"15952\" class=\"elementor elementor-15952\" data-elementor-post-type=\"elementor_library\">\n<div class=\"wd-negative-gap elementor-element elementor-element-49f97e26 e-flex e-con-boxed e-con e-parent\" data-id=\"49f97e26\" data-element_type=\"container\">\n<div class=\"e-con-inner\">\n<div class=\"wd-negative-gap elementor-element elementor-element-449b9556 e-flex e-con-boxed e-con e-child\" data-id=\"449b9556\" data-element_type=\"container\">\n<div class=\"e-con-inner\">\n<div class=\"elementor-element elementor-element-613a7c10 elementor-cta--skin-cover elementor-animated-content elementor-bg-transform elementor-bg-transform-zoom-in elementor-widget elementor-widget-call-to-action\" data-id=\"613a7c10\" data-element_type=\"widget\" data-widget_type=\"call-to-action.default\">\n<div class=\"elementor-widget-container\">\n\t\t\t<link rel=\"stylesheet\" href=\"https:\/\/crestdoll.com\/wp-content\/uploads\/elementor\/css\/custom-pro-widget-call-to-action.min.css?ver=1716095200\">\t\t<a class=\"elementor-cta\" href=\"https:\/\/crestdoll.com\/es\/fotos-de-munecas-sexuales\/\"><\/p>\n<div class=\"elementor-cta__bg-wrapper\">\n<div class=\"elementor-cta__bg elementor-bg\" style=\"background-image: url(https:\/\/crestdoll.com\/wp-content\/uploads\/2024\/04\/redirect-1.jpg);\" role=\"img\" aria-label=\"redireccionar.jpg\"><\/div>\n<div class=\"elementor-cta__bg-overlay\"><\/div>\n<\/p><\/div>\n<div class=\"elementor-cta__content\">\n<h2 class=\"elementor-cta__title elementor-cta__content-item elementor-content-item elementor-animated-item--grow\">\n\t\t\t\t\t\tM\u00e1s de 2500 mini mu\u00f1ecas sexuales peque\u00f1as <\/br>sexdollxxx .com\t\t\t\t\t<\/h2>\n<div class=\"elementor-cta__description elementor-cta__content-item elementor-content-item elementor-animated-item--grow\">\n\t\t\t\t\t\t40cm, 60cm, 80cm, 100cm, 120cm, 140cm\t\t\t\t\t<\/div>\n<div class=\"elementor-cta__button-wrapper elementor-cta__content-item elementor-content-item elementor-animated-item--grow\">\n\t\t\t\t\t<span class=\"elementor-cta__button elementor-button elementor-size-md\"><br \/>\n\t\t\t\t\t\tCompra ahora\t\t\t\t\t<\/span>\n\t\t\t\t\t<\/div>\n<\/p><\/div>\n<p>\t\t\t\t\t\t<\/a>\n\t\t\t\t<\/div>\n<\/p><\/div>\n<\/p><\/div>\n<\/p><\/div>\n<\/p><\/div>\n<\/p><\/div>\n<\/p><\/div>","protected":false},"featured_media":15950,"comment_status":"closed","ping_status":"closed","template":"","meta":[],"product_cat":[761,762,763],"product_tag":[764],"aioseo_notices":[],"_links":{"self":[{"href":"https:\/\/crestdoll.com\/es\/wp-json\/wp\/v2\/product\/19901"}],"collection":[{"href":"https:\/\/crestdoll.com\/es\/wp-json\/wp\/v2\/product"}],"about":[{"href":"https:\/\/crestdoll.com\/es\/wp-json\/wp\/v2\/types\/product"}],"replies":[{"embeddable":true,"href":"https:\/\/crestdoll.com\/es\/wp-json\/wp\/v2\/comments?post=19901"}],"version-history":[{"count":1,"href":"https:\/\/crestdoll.com\/es\/wp-json\/wp\/v2\/product\/19901\/revisions"}],"predecessor-version":[{"id":19902,"href":"https:\/\/crestdoll.com\/es\/wp-json\/wp\/v2\/product\/19901\/revisions\/19902"}],"wp:featuredmedia":[{"embeddable":true,"href":"https:\/\/crestdoll.com\/es\/wp-json\/wp\/v2\/media\/15950"}],"wp:attachment":[{"href":"https:\/\/crestdoll.com\/es\/wp-json\/wp\/v2\/media?parent=19901"}],"wp:term":[{"taxonomy":"product_cat","embeddable":true,"href":"https:\/\/crestdoll.com\/es\/wp-json\/wp\/v2\/product_cat?post=19901"},{"taxonomy":"product_tag","embeddable":true,"href":"https:\/\/crestdoll.com\/es\/wp-json\/wp\/v2\/product_tag?post=19901"}],"curies":[{"name":"wp","href":"https:\/\/api.w.org\/{rel}","templated":true}]}}