{"id":19949,"date":"2024-04-22T12:30:16","date_gmt":"2024-04-22T12:30:16","guid":{"rendered":"https:\/\/aimdoll.com\/product\/best-child-eye-little-awkward-teen-asian-nude-chest-doll\/"},"modified":"2024-05-09T11:31:23","modified_gmt":"2024-05-09T11:31:23","slug":"best-child-eye-little-awkward-teen-asian-nude-chest-doll","status":"publish","type":"product","link":"https:\/\/crestdoll.com\/es\/product\/mejor-ojo-de-nino-pequena-muneca-de-pecho-desnuda-asiatica-adolescente-incomoda\/","title":{"rendered":"El mejor ojo de ni\u00f1o, peque\u00f1a mu\u00f1eca de pecho desnuda asi\u00e1tica adolescente inc\u00f3moda"},"content":{"rendered":"<p>Esta es la mejor mu\u00f1eca sexual TPE de 100 cm para tus necesidades. Esto se debe a que esta mu\u00f1eca sexual de amor infantil ofrece much\u00edsimo valor por tan poco. Desde la f\u00e1cil reparaci\u00f3n de una mini mu\u00f1eca sexual de reemplazo de ojos hasta las caracter\u00edsticas reales de una mu\u00f1eca sexual de ni\u00f1a. Esta joven mu\u00f1eca sexual asi\u00e1tica tiene todas las cualidades para garantizar tu completa satisfacci\u00f3n.<\/p>\n<p>Adem\u00e1s, con esta mu\u00f1eca real realista, puedes responder a la pregunta: \u00bfes inc\u00f3modo tener relaciones sexuales con una mu\u00f1eca sexual de 140 cm? Adem\u00e1s de un dise\u00f1o realista y bien detallado. Esta mu\u00f1eca sexual grande, mu\u00f1eca real adolescente desnuda es perfecta para follar videos de mu\u00f1ecas de amor adolescentes.<\/p>\n<p>Adem\u00e1s, esta mu\u00f1eca real de pecho plano y mu\u00f1eca sexual de 115 cm fue dise\u00f1ada para durar mucho tiempo. Esto es gracias a una combinaci\u00f3n de esqueleto de titanio y materiales de silicona de grado m\u00e9dico. El esqueleto de titanio proporciona una estructura resistente para esta mu\u00f1eca sexual de 50 cm.<\/p>\n<p>&nbsp;<\/p>\n\t\t<div data-elementor-type=\"section\" data-elementor-id=\"15956\" class=\"elementor elementor-15956\" data-elementor-post-type=\"elementor_library\">\n\t\t\t<div class=\"wd-negative-gap elementor-element elementor-element-e744d45 e-flex e-con-boxed e-con e-parent\" data-id=\"e744d45\" data-element_type=\"container\">\n\t\t\t\t\t<div class=\"e-con-inner\">\n\t\t<div class=\"wd-negative-gap elementor-element elementor-element-2abc4734 e-flex e-con-boxed e-con e-child\" data-id=\"2abc4734\" data-element_type=\"container\">\n\t\t\t\t\t<div class=\"e-con-inner\">\n\t\t<div class=\"wd-negative-gap elementor-element elementor-element-e4e90d0 e-flex e-con-boxed e-con e-child\" data-id=\"e4e90d0\" data-element_type=\"container\">\n\t\t\t\t\t<div class=\"e-con-inner\">\n\t\t\t\t<div class=\"elementor-element elementor-element-2191b1a4 elementor-cta--skin-cover elementor-animated-content elementor-bg-transform elementor-bg-transform-zoom-in elementor-widget elementor-widget-call-to-action\" data-id=\"2191b1a4\" data-element_type=\"widget\" data-widget_type=\"call-to-action.default\">\n\t\t\t\t<div class=\"elementor-widget-container\">\n\t\t\t\t\t<a class=\"elementor-cta\" href=\"https:\/\/crestdoll.com\/es\/fotos-de-munecas-sexuales\/\">\n\t\t\t\t\t<div class=\"elementor-cta__bg-wrapper\">\n\t\t\t\t<div class=\"elementor-cta__bg elementor-bg\" style=\"background-image: url(https:\/\/crestdoll.com\/wp-content\/uploads\/2024\/04\/redirect.jpg);\" role=\"img\" aria-label=\"redirigir\"><\/div>\n\t\t\t\t<div class=\"elementor-cta__bg-overlay\"><\/div>\n\t\t\t<\/div>\n\t\t\t\t\t\t\t<div class=\"elementor-cta__content\">\n\t\t\t\t\n\t\t\t\t\t\t\t\t\t<h2 class=\"elementor-cta__title elementor-cta__content-item elementor-content-item elementor-animated-item--grow\">\n\t\t\t\t\t\tM\u00e1s de 2500 mini mu\u00f1ecas sexuales peque\u00f1as <\/br>sexdollxxx .com\t\t\t\t\t<\/h2>\n\t\t\t\t\n\t\t\t\t\t\t\t\t\t<div class=\"elementor-cta__description elementor-cta__content-item elementor-content-item elementor-animated-item--grow\">\n\t\t\t\t\t\t40cm, 60cm, 80cm, 100cm, 120cm, 140cm\t\t\t\t\t<\/div>\n\t\t\t\t\n\t\t\t\t\t\t\t\t\t<div class=\"elementor-cta__button-wrapper elementor-cta__content-item elementor-content-item elementor-animated-item--grow\">\n\t\t\t\t\t<span class=\"elementor-cta__button elementor-button elementor-size-md\">\n\t\t\t\t\t\tCompra ahora\t\t\t\t\t<\/span>\n\t\t\t\t\t<\/div>\n\t\t\t\t\t\t\t<\/div>\n\t\t\t\t\t\t<\/a>\n\t\t\t\t<\/div>\n\t\t\t\t<\/div>\n\t\t\t\t\t<\/div>\n\t\t\t\t<\/div>\n\t\t\t\t\t<\/div>\n\t\t\t\t<\/div>\n\t\t\t\t\t<\/div>\n\t\t\t\t<\/div>\n\t\t\t\t<\/div>","protected":false},"excerpt":{"rendered":"<div data-elementor-type=\"section\" data-elementor-id=\"15952\" class=\"elementor elementor-15952\" data-elementor-post-type=\"elementor_library\">\n<div class=\"wd-negative-gap elementor-element elementor-element-49f97e26 e-flex e-con-boxed e-con e-parent\" data-id=\"49f97e26\" data-element_type=\"container\">\n<div class=\"e-con-inner\">\n<div class=\"wd-negative-gap elementor-element elementor-element-449b9556 e-flex e-con-boxed e-con e-child\" data-id=\"449b9556\" data-element_type=\"container\">\n<div class=\"e-con-inner\">\n<div class=\"elementor-element elementor-element-613a7c10 elementor-cta--skin-cover elementor-animated-content elementor-bg-transform elementor-bg-transform-zoom-in elementor-widget elementor-widget-call-to-action\" data-id=\"613a7c10\" data-element_type=\"widget\" data-widget_type=\"call-to-action.default\">\n<div class=\"elementor-widget-container\">\n\t\t\t<link rel=\"stylesheet\" href=\"https:\/\/crestdoll.com\/wp-content\/uploads\/elementor\/css\/custom-pro-widget-call-to-action.min.css?ver=1716095200\">\t\t<a class=\"elementor-cta\" href=\"https:\/\/crestdoll.com\/es\/fotos-de-munecas-sexuales\/\"><\/p>\n<div class=\"elementor-cta__bg-wrapper\">\n<div class=\"elementor-cta__bg elementor-bg\" style=\"background-image: url(https:\/\/crestdoll.com\/wp-content\/uploads\/2024\/04\/redirect-1.jpg);\" role=\"img\" aria-label=\"redireccionar.jpg\"><\/div>\n<div class=\"elementor-cta__bg-overlay\"><\/div>\n<\/p><\/div>\n<div class=\"elementor-cta__content\">\n<h2 class=\"elementor-cta__title elementor-cta__content-item elementor-content-item elementor-animated-item--grow\">\n\t\t\t\t\t\tM\u00e1s de 2500 mini mu\u00f1ecas sexuales peque\u00f1as <\/br>sexdollxxx .com\t\t\t\t\t<\/h2>\n<div class=\"elementor-cta__description elementor-cta__content-item elementor-content-item elementor-animated-item--grow\">\n\t\t\t\t\t\t40cm, 60cm, 80cm, 100cm, 120cm, 140cm\t\t\t\t\t<\/div>\n<div class=\"elementor-cta__button-wrapper elementor-cta__content-item elementor-content-item elementor-animated-item--grow\">\n\t\t\t\t\t<span class=\"elementor-cta__button elementor-button elementor-size-md\"><br \/>\n\t\t\t\t\t\tCompra ahora\t\t\t\t\t<\/span>\n\t\t\t\t\t<\/div>\n<\/p><\/div>\n<p>\t\t\t\t\t\t<\/a>\n\t\t\t\t<\/div>\n<\/p><\/div>\n<\/p><\/div>\n<\/p><\/div>\n<\/p><\/div>\n<\/p><\/div>\n<\/p><\/div>","protected":false},"featured_media":15950,"comment_status":"closed","ping_status":"closed","template":"","meta":[],"product_cat":[761,763,783],"product_tag":[],"aioseo_notices":[],"_links":{"self":[{"href":"https:\/\/crestdoll.com\/es\/wp-json\/wp\/v2\/product\/19949"}],"collection":[{"href":"https:\/\/crestdoll.com\/es\/wp-json\/wp\/v2\/product"}],"about":[{"href":"https:\/\/crestdoll.com\/es\/wp-json\/wp\/v2\/types\/product"}],"replies":[{"embeddable":true,"href":"https:\/\/crestdoll.com\/es\/wp-json\/wp\/v2\/comments?post=19949"}],"version-history":[{"count":1,"href":"https:\/\/crestdoll.com\/es\/wp-json\/wp\/v2\/product\/19949\/revisions"}],"predecessor-version":[{"id":19950,"href":"https:\/\/crestdoll.com\/es\/wp-json\/wp\/v2\/product\/19949\/revisions\/19950"}],"wp:featuredmedia":[{"embeddable":true,"href":"https:\/\/crestdoll.com\/es\/wp-json\/wp\/v2\/media\/15950"}],"wp:attachment":[{"href":"https:\/\/crestdoll.com\/es\/wp-json\/wp\/v2\/media?parent=19949"}],"wp:term":[{"taxonomy":"product_cat","embeddable":true,"href":"https:\/\/crestdoll.com\/es\/wp-json\/wp\/v2\/product_cat?post=19949"},{"taxonomy":"product_tag","embeddable":true,"href":"https:\/\/crestdoll.com\/es\/wp-json\/wp\/v2\/product_tag?post=19949"}],"curies":[{"name":"wp","href":"https:\/\/api.w.org\/{rel}","templated":true}]}}