{"id":20203,"date":"2024-04-22T12:30:40","date_gmt":"2024-04-22T12:30:40","guid":{"rendered":"https:\/\/aimdoll.com\/product\/realistic-factory-humps-mini-flat-factory-realistic-doll\/"},"modified":"2024-05-17T05:51:35","modified_gmt":"2024-05-17T05:51:35","slug":"realistic-factory-humps-mini-flat-factory-realistic-doll","status":"publish","type":"product","link":"https:\/\/crestdoll.com\/es\/product\/fabrica-realista-jorobas-mini-muneca-realista-de-fabrica-plana\/","title":{"rendered":"F\u00e1brica realista joroba mini mu\u00f1eca realista de f\u00e1brica plana"},"content":{"rendered":"<p>Esta es una mu\u00f1eca real con video de mu\u00f1eca sexual perseguida plana de gran calidad con la mejor calidad de construcci\u00f3n. Gracias a una combinaci\u00f3n de materiales de silicona de alta calidad y titanio liviano. Esta mu\u00f1eca sexual jay doll de 100 cm tiene un dise\u00f1o anat\u00f3micamente preciso. Completo con extremidades y articulaciones m\u00f3viles. Por lo tanto, esta mu\u00f1eca sexual adolescente de silicona 150 es perfecta para videos de mu\u00f1ecas sexuales adolescentes folladas. Adem\u00e1s, esta mini mu\u00f1eca sexual real de f\u00e1brica china de 40 cm ofrece una apariencia y sensaci\u00f3n realistas. Por tanto, podr\u00e1s explorar tus fantas\u00edas sexuales m\u00e1s salvajes. De mam\u00e1 se folla a un ni\u00f1o peque\u00f1o con sexo tab\u00fa. A experiencias sexuales m\u00e1s aventureras. Esta mu\u00f1eca sexual de pecho plano es una gran compa\u00f1era sexual para que todo suceda.<\/p>\n<p>Adem\u00e1s, esta mu\u00f1eca sexual infantil realista de 148 cm fue construida para durar. Gracias a la estructura bien construida que utiliza materiales de mu\u00f1ecas sexuales de 80 cm de alta calidad. Por lo tanto, esta preciosa mu\u00f1eca adulta real te ofrece una intensa estimulaci\u00f3n sexual en m\u00e1s de un sentido.<\/p>\n<p>Su escritura: Esta es una mu\u00f1eca real con video de mu\u00f1eca sexual perseguida plana de gran calidad con la mejor calidad de construcci\u00f3n. Gracias a una combinaci\u00f3n de alto grado<br \/>\nMateriales de silicona y titanio ligero. Esta mu\u00f1eca sexual jay doll de 100 cm tiene un dise\u00f1o anat\u00f3micamente preciso. Completo con muebles<br \/>\nextremidades y articulaciones. Por lo tanto, esta mu\u00f1eca sexual adolescente de silicona 150 es perfecta para videos de mu\u00f1ecas sexuales adolescentes folladas. Adem\u00e1s, esta mini mu\u00f1eca sexual real de 40 cm.<br \/>\nLa mu\u00f1eca real de f\u00e1brica china ofrece una apariencia y sensaci\u00f3n realistas. Por tanto, podr\u00e1s explorar tus fantas\u00edas sexuales m\u00e1s salvajes. De mam\u00e1 se folla al ni\u00f1o<br \/>\nmu\u00f1eca sexo tab\u00fa. A experiencias sexuales m\u00e1s aventureras. Esta mu\u00f1eca sexual de pecho plano es una gran compa\u00f1era sexual para que todo suceda.<\/p>\n<p>Adem\u00e1s, esta mu\u00f1eca sexual infantil realista de 148 cm fue construida para durar. Gracias a la estructura bien construida que utiliza sexo de 80 cm de alta calidad.<br \/>\nMateriales para mu\u00f1ecas. Por lo tanto, esta preciosa mu\u00f1eca adulta real te ofrece una intensa estimulaci\u00f3n sexual en m\u00e1s de un sentido.<\/p>\n<p>&nbsp;<\/p>\n\t\t<div data-elementor-type=\"section\" data-elementor-id=\"15956\" class=\"elementor elementor-15956\" data-elementor-post-type=\"elementor_library\">\n\t\t\t<div class=\"wd-negative-gap elementor-element elementor-element-e744d45 e-flex e-con-boxed e-con e-parent\" data-id=\"e744d45\" data-element_type=\"container\">\n\t\t\t\t\t<div class=\"e-con-inner\">\n\t\t<div class=\"wd-negative-gap elementor-element elementor-element-2abc4734 e-flex e-con-boxed e-con e-child\" data-id=\"2abc4734\" data-element_type=\"container\">\n\t\t\t\t\t<div class=\"e-con-inner\">\n\t\t<div class=\"wd-negative-gap elementor-element elementor-element-e4e90d0 e-flex e-con-boxed e-con e-child\" data-id=\"e4e90d0\" data-element_type=\"container\">\n\t\t\t\t\t<div class=\"e-con-inner\">\n\t\t\t\t<div class=\"elementor-element elementor-element-2191b1a4 elementor-cta--skin-cover elementor-animated-content elementor-bg-transform elementor-bg-transform-zoom-in elementor-widget elementor-widget-call-to-action\" data-id=\"2191b1a4\" data-element_type=\"widget\" data-widget_type=\"call-to-action.default\">\n\t\t\t\t<div class=\"elementor-widget-container\">\n\t\t\t\t\t<a class=\"elementor-cta\" href=\"https:\/\/crestdoll.com\/es\/fotos-de-munecas-sexuales\/\">\n\t\t\t\t\t<div class=\"elementor-cta__bg-wrapper\">\n\t\t\t\t<div class=\"elementor-cta__bg elementor-bg\" style=\"background-image: url(https:\/\/crestdoll.com\/wp-content\/uploads\/2024\/04\/redirect.jpg);\" role=\"img\" aria-label=\"redirigir\"><\/div>\n\t\t\t\t<div class=\"elementor-cta__bg-overlay\"><\/div>\n\t\t\t<\/div>\n\t\t\t\t\t\t\t<div class=\"elementor-cta__content\">\n\t\t\t\t\n\t\t\t\t\t\t\t\t\t<h2 class=\"elementor-cta__title elementor-cta__content-item elementor-content-item elementor-animated-item--grow\">\n\t\t\t\t\t\tM\u00e1s de 2500 mini mu\u00f1ecas sexuales peque\u00f1as <\/br>sexdollxxx .com\t\t\t\t\t<\/h2>\n\t\t\t\t\n\t\t\t\t\t\t\t\t\t<div class=\"elementor-cta__description elementor-cta__content-item elementor-content-item elementor-animated-item--grow\">\n\t\t\t\t\t\t40cm, 60cm, 80cm, 100cm, 120cm, 140cm\t\t\t\t\t<\/div>\n\t\t\t\t\n\t\t\t\t\t\t\t\t\t<div class=\"elementor-cta__button-wrapper elementor-cta__content-item elementor-content-item elementor-animated-item--grow\">\n\t\t\t\t\t<span class=\"elementor-cta__button elementor-button elementor-size-md\">\n\t\t\t\t\t\tCompra ahora\t\t\t\t\t<\/span>\n\t\t\t\t\t<\/div>\n\t\t\t\t\t\t\t<\/div>\n\t\t\t\t\t\t<\/a>\n\t\t\t\t<\/div>\n\t\t\t\t<\/div>\n\t\t\t\t\t<\/div>\n\t\t\t\t<\/div>\n\t\t\t\t\t<\/div>\n\t\t\t\t<\/div>\n\t\t\t\t\t<\/div>\n\t\t\t\t<\/div>\n\t\t\t\t<\/div>","protected":false},"excerpt":{"rendered":"<div data-elementor-type=\"section\" data-elementor-id=\"15952\" class=\"elementor elementor-15952\" data-elementor-post-type=\"elementor_library\">\n<div class=\"wd-negative-gap elementor-element elementor-element-49f97e26 e-flex e-con-boxed e-con e-parent\" data-id=\"49f97e26\" data-element_type=\"container\">\n<div class=\"e-con-inner\">\n<div class=\"wd-negative-gap elementor-element elementor-element-449b9556 e-flex e-con-boxed e-con e-child\" data-id=\"449b9556\" data-element_type=\"container\">\n<div class=\"e-con-inner\">\n<div class=\"elementor-element elementor-element-613a7c10 elementor-cta--skin-cover elementor-animated-content elementor-bg-transform elementor-bg-transform-zoom-in elementor-widget elementor-widget-call-to-action\" data-id=\"613a7c10\" data-element_type=\"widget\" data-widget_type=\"call-to-action.default\">\n<div class=\"elementor-widget-container\">\n\t\t\t<link rel=\"stylesheet\" href=\"https:\/\/crestdoll.com\/wp-content\/uploads\/elementor\/css\/custom-pro-widget-call-to-action.min.css?ver=1716095200\">\t\t<a class=\"elementor-cta\" href=\"https:\/\/crestdoll.com\/es\/fotos-de-munecas-sexuales\/\"><\/p>\n<div class=\"elementor-cta__bg-wrapper\">\n<div class=\"elementor-cta__bg elementor-bg\" style=\"background-image: url(https:\/\/crestdoll.com\/wp-content\/uploads\/2024\/04\/redirect-1.jpg);\" role=\"img\" aria-label=\"redireccionar.jpg\"><\/div>\n<div class=\"elementor-cta__bg-overlay\"><\/div>\n<\/p><\/div>\n<div class=\"elementor-cta__content\">\n<h2 class=\"elementor-cta__title elementor-cta__content-item elementor-content-item elementor-animated-item--grow\">\n\t\t\t\t\t\tM\u00e1s de 2500 mini mu\u00f1ecas sexuales peque\u00f1as <\/br>sexdollxxx .com\t\t\t\t\t<\/h2>\n<div class=\"elementor-cta__description elementor-cta__content-item elementor-content-item elementor-animated-item--grow\">\n\t\t\t\t\t\t40cm, 60cm, 80cm, 100cm, 120cm, 140cm\t\t\t\t\t<\/div>\n<div class=\"elementor-cta__button-wrapper elementor-cta__content-item elementor-content-item elementor-animated-item--grow\">\n\t\t\t\t\t<span class=\"elementor-cta__button elementor-button elementor-size-md\"><br \/>\n\t\t\t\t\t\tCompra ahora\t\t\t\t\t<\/span>\n\t\t\t\t\t<\/div>\n<\/p><\/div>\n<p>\t\t\t\t\t\t<\/a>\n\t\t\t\t<\/div>\n<\/p><\/div>\n<\/p><\/div>\n<\/p><\/div>\n<\/p><\/div>\n<\/p><\/div>\n<\/p><\/div>","protected":false},"featured_media":15950,"comment_status":"closed","ping_status":"closed","template":"","meta":[],"product_cat":[797,791,771],"product_tag":[],"aioseo_notices":[],"_links":{"self":[{"href":"https:\/\/crestdoll.com\/es\/wp-json\/wp\/v2\/product\/20203"}],"collection":[{"href":"https:\/\/crestdoll.com\/es\/wp-json\/wp\/v2\/product"}],"about":[{"href":"https:\/\/crestdoll.com\/es\/wp-json\/wp\/v2\/types\/product"}],"replies":[{"embeddable":true,"href":"https:\/\/crestdoll.com\/es\/wp-json\/wp\/v2\/comments?post=20203"}],"version-history":[{"count":2,"href":"https:\/\/crestdoll.com\/es\/wp-json\/wp\/v2\/product\/20203\/revisions"}],"predecessor-version":[{"id":21772,"href":"https:\/\/crestdoll.com\/es\/wp-json\/wp\/v2\/product\/20203\/revisions\/21772"}],"wp:featuredmedia":[{"embeddable":true,"href":"https:\/\/crestdoll.com\/es\/wp-json\/wp\/v2\/media\/15950"}],"wp:attachment":[{"href":"https:\/\/crestdoll.com\/es\/wp-json\/wp\/v2\/media?parent=20203"}],"wp:term":[{"taxonomy":"product_cat","embeddable":true,"href":"https:\/\/crestdoll.com\/es\/wp-json\/wp\/v2\/product_cat?post=20203"},{"taxonomy":"product_tag","embeddable":true,"href":"https:\/\/crestdoll.com\/es\/wp-json\/wp\/v2\/product_tag?post=20203"}],"curies":[{"name":"wp","href":"https:\/\/api.w.org\/{rel}","templated":true}]}}