{"id":20303,"date":"2024-04-22T12:30:53","date_gmt":"2024-04-22T12:30:53","guid":{"rendered":"https:\/\/aimdoll.com\/product\/orifices-mini-love-fucked-young-honey-porn-tiny-sex-doll\/"},"modified":"2024-05-15T08:02:32","modified_gmt":"2024-05-15T08:02:32","slug":"orifices-mini-love-fucked-young-honey-porn-tiny-sex-doll","status":"publish","type":"product","link":"https:\/\/crestdoll.com\/es\/product\/orificios-mini-amor-follada-joven-miel-porno-pequena-muneca-sexual\/","title":{"rendered":"Orificios mini love follada joven miel porno peque\u00f1a mu\u00f1eca sexual"},"content":{"rendered":"<p>Se trata de una estupenda mu\u00f1eca sexual de 65 cm con tres orificios. Esta mu\u00f1eca sexual de 65 cm est\u00e1 fabricada con materiales de silicona de la mejor calidad. Entonces, si quieres disfrutar de una estimulaci\u00f3n inmersiva mientras una mini mu\u00f1eca amorosa de 3 pies 3 pulgadas (100 cm) es follada. Esta es la mu\u00f1eca sexual de 140 cm mejor valorada que puedes comprar.<\/p>\n<p>Adem\u00e1s, esta mu\u00f1eca real realista es perfecta para gifs desnudos de mu\u00f1ecas sexuales j\u00f3venes. Gracias a un dise\u00f1o bien detallado. Obtienes una mini mu\u00f1eca sexual de tetas enormes con todas las texturas realistas que se sienten tan reales. Por lo tanto, con esta peque\u00f1a mu\u00f1eca gif de mu\u00f1eca sexual. Tu experiencia sexual de inmersi\u00f3n completa est\u00e1 asegurada.<\/p>\n<p>Adem\u00e1s, esta mu\u00f1eca porno de mu\u00f1ecas sexuales es muy duradera. Por lo tanto, puedes explorar m\u00faltiples posiciones sexuales durante innumerables sesiones con esta mini mu\u00f1eca sexual de etsy. Entonces, si est\u00e1 buscando comprar la mu\u00f1eca sexual Honey de pecho plano perfecta para sus necesidades. Has encontrado la mejor opci\u00f3n para una mu\u00f1eca de amor realista.<\/p>\n<p>&nbsp;<\/p>\n\t\t<div data-elementor-type=\"section\" data-elementor-id=\"15956\" class=\"elementor elementor-15956\" data-elementor-post-type=\"elementor_library\">\n\t\t\t<div class=\"wd-negative-gap elementor-element elementor-element-e744d45 e-flex e-con-boxed e-con e-parent\" data-id=\"e744d45\" data-element_type=\"container\">\n\t\t\t\t\t<div class=\"e-con-inner\">\n\t\t<div class=\"wd-negative-gap elementor-element elementor-element-2abc4734 e-flex e-con-boxed e-con e-child\" data-id=\"2abc4734\" data-element_type=\"container\">\n\t\t\t\t\t<div class=\"e-con-inner\">\n\t\t<div class=\"wd-negative-gap elementor-element elementor-element-e4e90d0 e-flex e-con-boxed e-con e-child\" data-id=\"e4e90d0\" data-element_type=\"container\">\n\t\t\t\t\t<div class=\"e-con-inner\">\n\t\t\t\t<div class=\"elementor-element elementor-element-2191b1a4 elementor-cta--skin-cover elementor-animated-content elementor-bg-transform elementor-bg-transform-zoom-in elementor-widget elementor-widget-call-to-action\" data-id=\"2191b1a4\" data-element_type=\"widget\" data-widget_type=\"call-to-action.default\">\n\t\t\t\t<div class=\"elementor-widget-container\">\n\t\t\t\t\t<a class=\"elementor-cta\" href=\"https:\/\/crestdoll.com\/es\/fotos-de-munecas-sexuales\/\">\n\t\t\t\t\t<div class=\"elementor-cta__bg-wrapper\">\n\t\t\t\t<div class=\"elementor-cta__bg elementor-bg\" style=\"background-image: url(https:\/\/crestdoll.com\/wp-content\/uploads\/2024\/04\/redirect.jpg);\" role=\"img\" aria-label=\"redirigir\"><\/div>\n\t\t\t\t<div class=\"elementor-cta__bg-overlay\"><\/div>\n\t\t\t<\/div>\n\t\t\t\t\t\t\t<div class=\"elementor-cta__content\">\n\t\t\t\t\n\t\t\t\t\t\t\t\t\t<h2 class=\"elementor-cta__title elementor-cta__content-item elementor-content-item elementor-animated-item--grow\">\n\t\t\t\t\t\tM\u00e1s de 2500 mini mu\u00f1ecas sexuales peque\u00f1as <\/br>sexdollxxx .com\t\t\t\t\t<\/h2>\n\t\t\t\t\n\t\t\t\t\t\t\t\t\t<div class=\"elementor-cta__description elementor-cta__content-item elementor-content-item elementor-animated-item--grow\">\n\t\t\t\t\t\t40cm, 60cm, 80cm, 100cm, 120cm, 140cm\t\t\t\t\t<\/div>\n\t\t\t\t\n\t\t\t\t\t\t\t\t\t<div class=\"elementor-cta__button-wrapper elementor-cta__content-item elementor-content-item elementor-animated-item--grow\">\n\t\t\t\t\t<span class=\"elementor-cta__button elementor-button elementor-size-md\">\n\t\t\t\t\t\tCompra ahora\t\t\t\t\t<\/span>\n\t\t\t\t\t<\/div>\n\t\t\t\t\t\t\t<\/div>\n\t\t\t\t\t\t<\/a>\n\t\t\t\t<\/div>\n\t\t\t\t<\/div>\n\t\t\t\t\t<\/div>\n\t\t\t\t<\/div>\n\t\t\t\t\t<\/div>\n\t\t\t\t<\/div>\n\t\t\t\t\t<\/div>\n\t\t\t\t<\/div>\n\t\t\t\t<\/div>","protected":false},"excerpt":{"rendered":"<div data-elementor-type=\"section\" data-elementor-id=\"15952\" class=\"elementor elementor-15952\" data-elementor-post-type=\"elementor_library\">\n<div class=\"wd-negative-gap elementor-element elementor-element-49f97e26 e-flex e-con-boxed e-con e-parent\" data-id=\"49f97e26\" data-element_type=\"container\">\n<div class=\"e-con-inner\">\n<div class=\"wd-negative-gap elementor-element elementor-element-449b9556 e-flex e-con-boxed e-con e-child\" data-id=\"449b9556\" data-element_type=\"container\">\n<div class=\"e-con-inner\">\n<div class=\"elementor-element elementor-element-613a7c10 elementor-cta--skin-cover elementor-animated-content elementor-bg-transform elementor-bg-transform-zoom-in elementor-widget elementor-widget-call-to-action\" data-id=\"613a7c10\" data-element_type=\"widget\" data-widget_type=\"call-to-action.default\">\n<div class=\"elementor-widget-container\">\n\t\t\t<link rel=\"stylesheet\" href=\"https:\/\/crestdoll.com\/wp-content\/uploads\/elementor\/css\/custom-pro-widget-call-to-action.min.css?ver=1716095200\">\t\t<a class=\"elementor-cta\" href=\"https:\/\/crestdoll.com\/es\/fotos-de-munecas-sexuales\/\"><\/p>\n<div class=\"elementor-cta__bg-wrapper\">\n<div class=\"elementor-cta__bg elementor-bg\" style=\"background-image: url(https:\/\/crestdoll.com\/wp-content\/uploads\/2024\/04\/redirect-1.jpg);\" role=\"img\" aria-label=\"redireccionar.jpg\"><\/div>\n<div class=\"elementor-cta__bg-overlay\"><\/div>\n<\/p><\/div>\n<div class=\"elementor-cta__content\">\n<h2 class=\"elementor-cta__title elementor-cta__content-item elementor-content-item elementor-animated-item--grow\">\n\t\t\t\t\t\tM\u00e1s de 2500 mini mu\u00f1ecas sexuales peque\u00f1as <\/br>sexdollxxx .com\t\t\t\t\t<\/h2>\n<div class=\"elementor-cta__description elementor-cta__content-item elementor-content-item elementor-animated-item--grow\">\n\t\t\t\t\t\t40cm, 60cm, 80cm, 100cm, 120cm, 140cm\t\t\t\t\t<\/div>\n<div class=\"elementor-cta__button-wrapper elementor-cta__content-item elementor-content-item elementor-animated-item--grow\">\n\t\t\t\t\t<span class=\"elementor-cta__button elementor-button elementor-size-md\"><br \/>\n\t\t\t\t\t\tCompra ahora\t\t\t\t\t<\/span>\n\t\t\t\t\t<\/div>\n<\/p><\/div>\n<p>\t\t\t\t\t\t<\/a>\n\t\t\t\t<\/div>\n<\/p><\/div>\n<\/p><\/div>\n<\/p><\/div>\n<\/p><\/div>\n<\/p><\/div>\n<\/p><\/div>","protected":false},"featured_media":15950,"comment_status":"closed","ping_status":"closed","template":"","meta":[],"product_cat":[778,761,762],"product_tag":[],"aioseo_notices":[],"_links":{"self":[{"href":"https:\/\/crestdoll.com\/es\/wp-json\/wp\/v2\/product\/20303"}],"collection":[{"href":"https:\/\/crestdoll.com\/es\/wp-json\/wp\/v2\/product"}],"about":[{"href":"https:\/\/crestdoll.com\/es\/wp-json\/wp\/v2\/types\/product"}],"replies":[{"embeddable":true,"href":"https:\/\/crestdoll.com\/es\/wp-json\/wp\/v2\/comments?post=20303"}],"version-history":[{"count":1,"href":"https:\/\/crestdoll.com\/es\/wp-json\/wp\/v2\/product\/20303\/revisions"}],"predecessor-version":[{"id":20304,"href":"https:\/\/crestdoll.com\/es\/wp-json\/wp\/v2\/product\/20303\/revisions\/20304"}],"wp:featuredmedia":[{"embeddable":true,"href":"https:\/\/crestdoll.com\/es\/wp-json\/wp\/v2\/media\/15950"}],"wp:attachment":[{"href":"https:\/\/crestdoll.com\/es\/wp-json\/wp\/v2\/media?parent=20303"}],"wp:term":[{"taxonomy":"product_cat","embeddable":true,"href":"https:\/\/crestdoll.com\/es\/wp-json\/wp\/v2\/product_cat?post=20303"},{"taxonomy":"product_tag","embeddable":true,"href":"https:\/\/crestdoll.com\/es\/wp-json\/wp\/v2\/product_tag?post=20303"}],"curies":[{"name":"wp","href":"https:\/\/api.w.org\/{rel}","templated":true}]}}