{"id":20857,"date":"2024-04-22T12:31:44","date_gmt":"2024-04-22T12:31:44","guid":{"rendered":"https:\/\/aimdoll.com\/product\/china-wholesale-mini-anime-hentai-sex-doll\/"},"modified":"2024-05-06T08:03:40","modified_gmt":"2024-05-06T08:03:40","slug":"china-wholesale-mini-anime-hentai-sex-doll","status":"publish","type":"product","link":"https:\/\/crestdoll.com\/es\/product\/muneca-sexual-hentai-mini-anime-al-por-mayor-de-china\/","title":{"rendered":"Venta al por mayor de China Mini Anime Hentai Sex Doll"},"content":{"rendered":"<p>\u00bfPreferir\u00edas una mini mu\u00f1eca sexual hentai inflable de Pornhub? El inflable tambi\u00e9n ofrece diferentes tama\u00f1os. Para la mamada de una joven mu\u00f1eca sexual, la mu\u00f1eca sexual de 70 cm tiene una boca adaptada. La legalidad de las mu\u00f1ecas sexuales de 100 cm te da derecho a tener m\u00e1s de una mu\u00f1eca sexual adolescente.<\/p>\n<p>&nbsp;<\/p>\n<p>La peque\u00f1a cinta de sexo con mu\u00f1ecas sexuales retrata a las mu\u00f1ecas del tr\u00e1fico sexual infantil con un cuerpo juvenil. Los fabricantes de mu\u00f1ecas sexuales dise\u00f1an la peque\u00f1a mu\u00f1eca sexual teniendo en cuenta sus especificaciones para complacerlo. El deseo del anime sexual de mini mu\u00f1ecas es garantizar que tengas m\u00faltiples eyaculaciones.<\/p>\n<p>&nbsp;<\/p>\n<p>Es hora de vender mu\u00f1ecas sexuales infantiles al por mayor de China. Puedes conseguir mu\u00f1ecos raros como el minimu\u00f1eco villano real de la pel\u00edcula Lego 2 a un precio con descuento. Obt\u00e9n el video porno de mu\u00f1ecas de amor para adolescentes para elegir correctamente una mu\u00f1eca sexual personal. Tambi\u00e9n puedes conseguir atuendos sexys para la mu\u00f1eca del amor adolescente.<\/p>\n<p>&nbsp;<\/p>\n\t\t<div data-elementor-type=\"section\" data-elementor-id=\"15956\" class=\"elementor elementor-15956\" data-elementor-post-type=\"elementor_library\">\n\t\t\t<div class=\"wd-negative-gap elementor-element elementor-element-e744d45 e-flex e-con-boxed e-con e-parent\" data-id=\"e744d45\" data-element_type=\"container\">\n\t\t\t\t\t<div class=\"e-con-inner\">\n\t\t<div class=\"wd-negative-gap elementor-element elementor-element-2abc4734 e-flex e-con-boxed e-con e-child\" data-id=\"2abc4734\" data-element_type=\"container\">\n\t\t\t\t\t<div class=\"e-con-inner\">\n\t\t<div class=\"wd-negative-gap elementor-element elementor-element-e4e90d0 e-flex e-con-boxed e-con e-child\" data-id=\"e4e90d0\" data-element_type=\"container\">\n\t\t\t\t\t<div class=\"e-con-inner\">\n\t\t\t\t<div class=\"elementor-element elementor-element-2191b1a4 elementor-cta--skin-cover elementor-animated-content elementor-bg-transform elementor-bg-transform-zoom-in elementor-widget elementor-widget-call-to-action\" data-id=\"2191b1a4\" data-element_type=\"widget\" data-widget_type=\"call-to-action.default\">\n\t\t\t\t<div class=\"elementor-widget-container\">\n\t\t\t\t\t<a class=\"elementor-cta\" href=\"https:\/\/crestdoll.com\/es\/fotos-de-munecas-sexuales\/\">\n\t\t\t\t\t<div class=\"elementor-cta__bg-wrapper\">\n\t\t\t\t<div class=\"elementor-cta__bg elementor-bg\" style=\"background-image: url(https:\/\/crestdoll.com\/wp-content\/uploads\/2024\/04\/redirect.jpg);\" role=\"img\" aria-label=\"redirigir\"><\/div>\n\t\t\t\t<div class=\"elementor-cta__bg-overlay\"><\/div>\n\t\t\t<\/div>\n\t\t\t\t\t\t\t<div class=\"elementor-cta__content\">\n\t\t\t\t\n\t\t\t\t\t\t\t\t\t<h2 class=\"elementor-cta__title elementor-cta__content-item elementor-content-item elementor-animated-item--grow\">\n\t\t\t\t\t\tM\u00e1s de 2500 mini mu\u00f1ecas sexuales peque\u00f1as <\/br>sexdollxxx .com\t\t\t\t\t<\/h2>\n\t\t\t\t\n\t\t\t\t\t\t\t\t\t<div class=\"elementor-cta__description elementor-cta__content-item elementor-content-item elementor-animated-item--grow\">\n\t\t\t\t\t\t40cm, 60cm, 80cm, 100cm, 120cm, 140cm\t\t\t\t\t<\/div>\n\t\t\t\t\n\t\t\t\t\t\t\t\t\t<div class=\"elementor-cta__button-wrapper elementor-cta__content-item elementor-content-item elementor-animated-item--grow\">\n\t\t\t\t\t<span class=\"elementor-cta__button elementor-button elementor-size-md\">\n\t\t\t\t\t\tCompra ahora\t\t\t\t\t<\/span>\n\t\t\t\t\t<\/div>\n\t\t\t\t\t\t\t<\/div>\n\t\t\t\t\t\t<\/a>\n\t\t\t\t<\/div>\n\t\t\t\t<\/div>\n\t\t\t\t\t<\/div>\n\t\t\t\t<\/div>\n\t\t\t\t\t<\/div>\n\t\t\t\t<\/div>\n\t\t\t\t\t<\/div>\n\t\t\t\t<\/div>\n\t\t\t\t<\/div>","protected":false},"excerpt":{"rendered":"<div data-elementor-type=\"section\" data-elementor-id=\"15952\" class=\"elementor elementor-15952\" data-elementor-post-type=\"elementor_library\">\n<div class=\"wd-negative-gap elementor-element elementor-element-49f97e26 e-flex e-con-boxed e-con e-parent\" data-id=\"49f97e26\" data-element_type=\"container\">\n<div class=\"e-con-inner\">\n<div class=\"wd-negative-gap elementor-element elementor-element-449b9556 e-flex e-con-boxed e-con e-child\" data-id=\"449b9556\" data-element_type=\"container\">\n<div class=\"e-con-inner\">\n<div class=\"elementor-element elementor-element-613a7c10 elementor-cta--skin-cover elementor-animated-content elementor-bg-transform elementor-bg-transform-zoom-in elementor-widget elementor-widget-call-to-action\" data-id=\"613a7c10\" data-element_type=\"widget\" data-widget_type=\"call-to-action.default\">\n<div class=\"elementor-widget-container\">\n\t\t\t<link rel=\"stylesheet\" href=\"https:\/\/crestdoll.com\/wp-content\/uploads\/elementor\/css\/custom-pro-widget-call-to-action.min.css?ver=1716095200\">\t\t<a class=\"elementor-cta\" href=\"https:\/\/crestdoll.com\/es\/fotos-de-munecas-sexuales\/\"><\/p>\n<div class=\"elementor-cta__bg-wrapper\">\n<div class=\"elementor-cta__bg elementor-bg\" style=\"background-image: url(https:\/\/crestdoll.com\/wp-content\/uploads\/2024\/04\/redirect-1.jpg);\" role=\"img\" aria-label=\"redireccionar.jpg\"><\/div>\n<div class=\"elementor-cta__bg-overlay\"><\/div>\n<\/p><\/div>\n<div class=\"elementor-cta__content\">\n<h2 class=\"elementor-cta__title elementor-cta__content-item elementor-content-item elementor-animated-item--grow\">\n\t\t\t\t\t\tM\u00e1s de 2500 mini mu\u00f1ecas sexuales peque\u00f1as <\/br>sexdollxxx .com\t\t\t\t\t<\/h2>\n<div class=\"elementor-cta__description elementor-cta__content-item elementor-content-item elementor-animated-item--grow\">\n\t\t\t\t\t\t40cm, 60cm, 80cm, 100cm, 120cm, 140cm\t\t\t\t\t<\/div>\n<div class=\"elementor-cta__button-wrapper elementor-cta__content-item elementor-content-item elementor-animated-item--grow\">\n\t\t\t\t\t<span class=\"elementor-cta__button elementor-button elementor-size-md\"><br \/>\n\t\t\t\t\t\tCompra ahora\t\t\t\t\t<\/span>\n\t\t\t\t\t<\/div>\n<\/p><\/div>\n<p>\t\t\t\t\t\t<\/a>\n\t\t\t\t<\/div>\n<\/p><\/div>\n<\/p><\/div>\n<\/p><\/div>\n<\/p><\/div>\n<\/p><\/div>\n<\/p><\/div>","protected":false},"featured_media":15950,"comment_status":"closed","ping_status":"closed","template":"","meta":[],"product_cat":[779,780,781],"product_tag":[],"aioseo_notices":[],"_links":{"self":[{"href":"https:\/\/crestdoll.com\/es\/wp-json\/wp\/v2\/product\/20857"}],"collection":[{"href":"https:\/\/crestdoll.com\/es\/wp-json\/wp\/v2\/product"}],"about":[{"href":"https:\/\/crestdoll.com\/es\/wp-json\/wp\/v2\/types\/product"}],"replies":[{"embeddable":true,"href":"https:\/\/crestdoll.com\/es\/wp-json\/wp\/v2\/comments?post=20857"}],"version-history":[{"count":2,"href":"https:\/\/crestdoll.com\/es\/wp-json\/wp\/v2\/product\/20857\/revisions"}],"predecessor-version":[{"id":21674,"href":"https:\/\/crestdoll.com\/es\/wp-json\/wp\/v2\/product\/20857\/revisions\/21674"}],"wp:featuredmedia":[{"embeddable":true,"href":"https:\/\/crestdoll.com\/es\/wp-json\/wp\/v2\/media\/15950"}],"wp:attachment":[{"href":"https:\/\/crestdoll.com\/es\/wp-json\/wp\/v2\/media?parent=20857"}],"wp:term":[{"taxonomy":"product_cat","embeddable":true,"href":"https:\/\/crestdoll.com\/es\/wp-json\/wp\/v2\/product_cat?post=20857"},{"taxonomy":"product_tag","embeddable":true,"href":"https:\/\/crestdoll.com\/es\/wp-json\/wp\/v2\/product_tag?post=20857"}],"curies":[{"name":"wp","href":"https:\/\/api.w.org\/{rel}","templated":true}]}}