{"id":21043,"date":"2024-04-22T12:32:04","date_gmt":"2024-04-22T12:32:04","guid":{"rendered":"https:\/\/aimdoll.com\/product\/male-mini-silicone-teen-love-doll-videos\/"},"modified":"2024-05-14T08:06:13","modified_gmt":"2024-05-14T08:06:13","slug":"male-mini-silicone-teen-love-doll-videos","status":"publish","type":"product","link":"https:\/\/crestdoll.com\/es\/product\/videos-de-munecas-de-amor-para-adolescentes-mini-de-silicona-masculinas\/","title":{"rendered":"V\u00eddeos de mu\u00f1ecas de amor para adolescentes de silicona mini masculinas"},"content":{"rendered":"<p>Una mini mu\u00f1eca sexual masculina de silicona viene con una polla que no es diferente a la del hombre humano. Cuando la chica con arn\u00e9s se folla una mini mu\u00f1eca sexual, hay una especie de vibra l\u00e9sbica. Ver videos de jovencito adolescente con mu\u00f1ecas de amor enfatiza que el placer sexual no es para unos pocos elegidos. Incluso si invierte en sus deseos sexuales, obtendr\u00e1 beneficios.<\/p>\n<p>&nbsp;<\/p>\n<p>&nbsp;<\/p>\n<p>El video de sexo con mu\u00f1ecas sexuales para adolescentes necesita mu\u00f1ecas sexuales como la mini mu\u00f1eca sexual catdoll o la mu\u00f1eca sexual menor de edad l para practicar. El video sexual adolescente de Tokyo Doll puede servir como tutorial sexual para principiantes. Puede recoger la mu\u00f1eca sexual de 100 cm en las tiendas m\u00e1s cercanas, incluidos los accesorios para mu\u00f1ecas sexuales.<\/p>\n<p>&nbsp;<\/p>\n<p>La peque\u00f1a mu\u00f1eca sexual de grandes tetas es un contraste que te resultar\u00e1 sexy. La mu\u00f1eca sexual infantil encontrada en Canad\u00e1 viene con muchas recomendaciones de usuarios de mu\u00f1ecas sexuales realistas. Esta es una prueba de que no puedes equivocarte al comprarla.<\/p>\n<p>&nbsp;<\/p>\n<p>&nbsp;<\/p>\n\t\t<div data-elementor-type=\"section\" data-elementor-id=\"15956\" class=\"elementor elementor-15956\" data-elementor-post-type=\"elementor_library\">\n\t\t\t<div class=\"wd-negative-gap elementor-element elementor-element-e744d45 e-flex e-con-boxed e-con e-parent\" data-id=\"e744d45\" data-element_type=\"container\">\n\t\t\t\t\t<div class=\"e-con-inner\">\n\t\t<div class=\"wd-negative-gap elementor-element elementor-element-2abc4734 e-flex e-con-boxed e-con e-child\" data-id=\"2abc4734\" data-element_type=\"container\">\n\t\t\t\t\t<div class=\"e-con-inner\">\n\t\t<div class=\"wd-negative-gap elementor-element elementor-element-e4e90d0 e-flex e-con-boxed e-con e-child\" data-id=\"e4e90d0\" data-element_type=\"container\">\n\t\t\t\t\t<div class=\"e-con-inner\">\n\t\t\t\t<div class=\"elementor-element elementor-element-2191b1a4 elementor-cta--skin-cover elementor-animated-content elementor-bg-transform elementor-bg-transform-zoom-in elementor-widget elementor-widget-call-to-action\" data-id=\"2191b1a4\" data-element_type=\"widget\" data-widget_type=\"call-to-action.default\">\n\t\t\t\t<div class=\"elementor-widget-container\">\n\t\t\t\t\t<a class=\"elementor-cta\" href=\"https:\/\/crestdoll.com\/es\/fotos-de-munecas-sexuales\/\">\n\t\t\t\t\t<div class=\"elementor-cta__bg-wrapper\">\n\t\t\t\t<div class=\"elementor-cta__bg elementor-bg\" style=\"background-image: url(https:\/\/crestdoll.com\/wp-content\/uploads\/2024\/04\/redirect.jpg);\" role=\"img\" aria-label=\"redirigir\"><\/div>\n\t\t\t\t<div class=\"elementor-cta__bg-overlay\"><\/div>\n\t\t\t<\/div>\n\t\t\t\t\t\t\t<div class=\"elementor-cta__content\">\n\t\t\t\t\n\t\t\t\t\t\t\t\t\t<h2 class=\"elementor-cta__title elementor-cta__content-item elementor-content-item elementor-animated-item--grow\">\n\t\t\t\t\t\tM\u00e1s de 2500 mini mu\u00f1ecas sexuales peque\u00f1as <\/br>sexdollxxx .com\t\t\t\t\t<\/h2>\n\t\t\t\t\n\t\t\t\t\t\t\t\t\t<div class=\"elementor-cta__description elementor-cta__content-item elementor-content-item elementor-animated-item--grow\">\n\t\t\t\t\t\t40cm, 60cm, 80cm, 100cm, 120cm, 140cm\t\t\t\t\t<\/div>\n\t\t\t\t\n\t\t\t\t\t\t\t\t\t<div class=\"elementor-cta__button-wrapper elementor-cta__content-item elementor-content-item elementor-animated-item--grow\">\n\t\t\t\t\t<span class=\"elementor-cta__button elementor-button elementor-size-md\">\n\t\t\t\t\t\tCompra ahora\t\t\t\t\t<\/span>\n\t\t\t\t\t<\/div>\n\t\t\t\t\t\t\t<\/div>\n\t\t\t\t\t\t<\/a>\n\t\t\t\t<\/div>\n\t\t\t\t<\/div>\n\t\t\t\t\t<\/div>\n\t\t\t\t<\/div>\n\t\t\t\t\t<\/div>\n\t\t\t\t<\/div>\n\t\t\t\t\t<\/div>\n\t\t\t\t<\/div>\n\t\t\t\t<\/div>","protected":false},"excerpt":{"rendered":"<div data-elementor-type=\"section\" data-elementor-id=\"15952\" class=\"elementor elementor-15952\" data-elementor-post-type=\"elementor_library\">\n<div class=\"wd-negative-gap elementor-element elementor-element-49f97e26 e-flex e-con-boxed e-con e-parent\" data-id=\"49f97e26\" data-element_type=\"container\">\n<div class=\"e-con-inner\">\n<div class=\"wd-negative-gap elementor-element elementor-element-449b9556 e-flex e-con-boxed e-con e-child\" data-id=\"449b9556\" data-element_type=\"container\">\n<div class=\"e-con-inner\">\n<div class=\"elementor-element elementor-element-613a7c10 elementor-cta--skin-cover elementor-animated-content elementor-bg-transform elementor-bg-transform-zoom-in elementor-widget elementor-widget-call-to-action\" data-id=\"613a7c10\" data-element_type=\"widget\" data-widget_type=\"call-to-action.default\">\n<div class=\"elementor-widget-container\">\n\t\t\t<link rel=\"stylesheet\" href=\"https:\/\/crestdoll.com\/wp-content\/uploads\/elementor\/css\/custom-pro-widget-call-to-action.min.css?ver=1716095200\">\t\t<a class=\"elementor-cta\" href=\"https:\/\/crestdoll.com\/es\/fotos-de-munecas-sexuales\/\"><\/p>\n<div class=\"elementor-cta__bg-wrapper\">\n<div class=\"elementor-cta__bg elementor-bg\" style=\"background-image: url(https:\/\/crestdoll.com\/wp-content\/uploads\/2024\/04\/redirect-1.jpg);\" role=\"img\" aria-label=\"redireccionar.jpg\"><\/div>\n<div class=\"elementor-cta__bg-overlay\"><\/div>\n<\/p><\/div>\n<div class=\"elementor-cta__content\">\n<h2 class=\"elementor-cta__title elementor-cta__content-item elementor-content-item elementor-animated-item--grow\">\n\t\t\t\t\t\tM\u00e1s de 2500 mini mu\u00f1ecas sexuales peque\u00f1as <\/br>sexdollxxx .com\t\t\t\t\t<\/h2>\n<div class=\"elementor-cta__description elementor-cta__content-item elementor-content-item elementor-animated-item--grow\">\n\t\t\t\t\t\t40cm, 60cm, 80cm, 100cm, 120cm, 140cm\t\t\t\t\t<\/div>\n<div class=\"elementor-cta__button-wrapper elementor-cta__content-item elementor-content-item elementor-animated-item--grow\">\n\t\t\t\t\t<span class=\"elementor-cta__button elementor-button elementor-size-md\"><br \/>\n\t\t\t\t\t\tCompra ahora\t\t\t\t\t<\/span>\n\t\t\t\t\t<\/div>\n<\/p><\/div>\n<p>\t\t\t\t\t\t<\/a>\n\t\t\t\t<\/div>\n<\/p><\/div>\n<\/p><\/div>\n<\/p><\/div>\n<\/p><\/div>\n<\/p><\/div>\n<\/p><\/div>","protected":false},"featured_media":15950,"comment_status":"closed","ping_status":"closed","template":"","meta":[],"product_cat":[797,771,770],"product_tag":[],"aioseo_notices":[],"_links":{"self":[{"href":"https:\/\/crestdoll.com\/es\/wp-json\/wp\/v2\/product\/21043"}],"collection":[{"href":"https:\/\/crestdoll.com\/es\/wp-json\/wp\/v2\/product"}],"about":[{"href":"https:\/\/crestdoll.com\/es\/wp-json\/wp\/v2\/types\/product"}],"replies":[{"embeddable":true,"href":"https:\/\/crestdoll.com\/es\/wp-json\/wp\/v2\/comments?post=21043"}],"version-history":[{"count":1,"href":"https:\/\/crestdoll.com\/es\/wp-json\/wp\/v2\/product\/21043\/revisions"}],"predecessor-version":[{"id":21044,"href":"https:\/\/crestdoll.com\/es\/wp-json\/wp\/v2\/product\/21043\/revisions\/21044"}],"wp:featuredmedia":[{"embeddable":true,"href":"https:\/\/crestdoll.com\/es\/wp-json\/wp\/v2\/media\/15950"}],"wp:attachment":[{"href":"https:\/\/crestdoll.com\/es\/wp-json\/wp\/v2\/media?parent=21043"}],"wp:term":[{"taxonomy":"product_cat","embeddable":true,"href":"https:\/\/crestdoll.com\/es\/wp-json\/wp\/v2\/product_cat?post=21043"},{"taxonomy":"product_tag","embeddable":true,"href":"https:\/\/crestdoll.com\/es\/wp-json\/wp\/v2\/product_tag?post=21043"}],"curies":[{"name":"wp","href":"https:\/\/api.w.org\/{rel}","templated":true}]}}